{"id":1013,"date":"2016-11-18T19:50:14","date_gmt":"2016-11-18T17:50:14","guid":{"rendered":"http:\/\/peltos.no-ip.info\/phelsrk\/?page_id=1013"},"modified":"2026-03-29T14:32:18","modified_gmt":"2026-03-29T11:32:18","slug":"yhteystiedot","status":"publish","type":"page","link":"https:\/\/www.pomarkunhelluntaisrk.fi\/index.php\/yhteystiedot\/","title":{"rendered":"Yhteystiedot"},"content":{"rendered":"\n\n\t<table>\n<tbody>\n<tr>\n<td>\n<p><strong>Katuosoite:<\/strong><\/p>\nPomarkun Helluntaiseurakunta<br \/>\n<a href=\"https:\/\/www.google.fi\/maps\/place\/Pomarkun+Helluntaiseurakunta\/@61.7009386,22.0091825,17z\/data=!4m13!1m7!3m6!1s0x468906c616f7e82d:0x42475b06c1dac065!2sKivij%C3%A4rventie+30,+29630+Pomarkku!3b1!8m2!3d61.7022559!4d22.0083135!3m4!1s0x468900b54fb9a3b1:0xeef38ca37c6a32f5!8m2!3d61.7022188!4d22.0079456\">Kivij\u00e4rventie 30<\/a><br \/>\n<a href=\"https:\/\/www.google.fi\/maps\/place\/Pomarkun+Helluntaiseurakunta\/@61.7009386,22.0091825,17z\/data=!4m13!1m7!3m6!1s0x468906c616f7e82d:0x42475b06c1dac065!2sKivij%C3%A4rventie+30,+29630+Pomarkku!3b1!8m2!3d61.7022559!4d22.0083135!3m4!1s0x468900b54fb9a3b1:0xeef38ca37c6a32f5!8m2!3d61.7022188!4d22.0079456\">29630 Pomarkku<\/a>\n<\/td>\n<td><a href=\"https:\/\/www.google.com\/maps\/@61.7025242,22.0081642,3a,75y,180.08h,89.41t\/data=!3m6!1e1!3m4!1saTPQ6zZQrjFHmpV1uM6f1w!2e0!7i13312!8i6656?\"><img loading=\"lazy\" decoding=\"async\" src=\"http:\/\/www.pomarkunhelluntaisrk.fi\/wp-content\/uploads\/2020\/09\/2020-08-30-10.07.03_720p-300x169.jpg\" alt=\"\" width=\"300\" height=\"169\" \/><\/a><\/td>\n<\/tr>\n<\/tbody>\n<\/table>\n<p>&nbsp;<\/p>\n\t<strong>Seurakunnan postiosoite<br \/>\n<\/strong><br \/>\nKivij\u00e4rventie 30<br \/>\n29630 Pomarkku\n<p>&nbsp;<\/p>\n<strong>Seurakunnan yhteyshenkil\u00f6<br \/>\n<\/strong>\n<p>Henri Peltom\u00e4ki<\/p>\n<p>S\u00e4hk\u00f6posti: info(@)pomarkunhelluntaisrk.fi<\/p>\n<p>&nbsp;<\/p>\n<p><strong>Vanhimmiston puheenjohtaja<\/strong><\/p>\n<p>Arto Pakkala: 0400-328071<\/p>\n\t<p><strong>Seurakunnan kirjamyynti<\/strong><\/p>\nKirsi Lahti<br \/>\nS\u00e4hk\u00f6posti: kirjamyynti(@)pomarkunhelluntaisrk.fi\n\t<p><strong>Ilmoitusasiat<\/strong><\/p>\n<p>S\u00e4hk\u00f6posti:\u00a0 ilmoitukset(@)pomarkunhelluntaisrk.fi<\/p>\n\t<p><strong>Rukouspyynn\u00f6t<\/strong><\/p>\nS\u00e4hk\u00f6posti:\u00a0 rukous(@)pomarkunhelluntaisrk.fi<br \/>\nRukouspuhelin:\u00a0 045 783 269 90\n\t<hr \/>\n\t<p><strong>Kaipaatko keskustelu tai rukousapua?\u00a0\u00a0<\/strong><\/p>\n<p>Voit ottaa yhteytt\u00e4 puhelimella tai WhatsAppilla numeroon:\u00a0 045 &#8211; 783 26 990<\/p>\n\t<hr \/>\n\t<p>Pomarkun Helluntaiseurakunta on itsen\u00e4inen yhdistystaustainen helluntaiseurakunta joka on perustettu 14.10.1934.\u00a0 Seurakuntamme talousasioista vastaa Pomarkun Helluntail\u00e4hetys ry\u00a0 (Y-tunnus: 0468591-6).<\/p>\n\t<p><strong>Hallituksen puheenjohtaja<\/strong><\/p>\n<p>Arto Pakkala<\/p>\nPuhelin: 0400-328071<br \/>\nS\u00e4hk\u00f6posti:\n\t<strong>Hallituksen sihteeri<br \/>\n<\/strong>\n<p>Sami Lahti<\/p>\nPuhelin: 040-54 44 088<br \/>\nS\u00e4hk\u00f6posti: sami.j.lahti@gmail.com\n\t<table>\n<tbody>\n<tr>\n<td>&nbsp;<\/td>\n<\/tr>\n<\/tbody>\n<\/table>\n\t<p><a href=\"http:\/\/www.pomarkunhelluntaisrk.fi\/index.php\/kuvien-koot-ja-kuvaformaatit\/\">Sivujen kuvien ja mainosmateriaalin kuvakoot<\/a><\/p>\n\n","protected":false},"excerpt":{"rendered":"<p>Katuosoite: Pomarkun Helluntaiseurakunta Kivij\u00e4rventie 30 29630 Pomarkku &nbsp; Seurakunnan postiosoite Kivij\u00e4rventie 30 29630 Pomarkku &nbsp; Seurakunnan yhteyshenkil\u00f6 Henri Peltom\u00e4ki S\u00e4hk\u00f6posti: info(@)pomarkunhelluntaisrk.fi &nbsp; Vanhimmiston puheenjohtaja Arto Pakkala: 0400-328071 Seurakunnan kirjamyynti Kirsi Lahti S\u00e4hk\u00f6posti: kirjamyynti(@)pomarkunhelluntaisrk.fi Ilmoitusasiat S\u00e4hk\u00f6posti:\u00a0 ilmoitukset(@)pomarkunhelluntaisrk.fi Rukouspyynn\u00f6t S\u00e4hk\u00f6posti:\u00a0 rukous(@)pomarkunhelluntaisrk.fi Rukouspuhelin:\u00a0 045 783 269 90 Kaipaatko keskustelu tai rukousapua?\u00a0\u00a0 Voit ottaa yhteytt\u00e4 puhelimella tai WhatsAppilla numeroon:\u00a0 [&hellip;]<\/p>\n","protected":false},"author":2,"featured_media":0,"parent":0,"menu_order":0,"comment_status":"closed","ping_status":"closed","template":"","meta":{"footnotes":""},"class_list":["post-1013","page","type-page","status-publish","hentry"],"_links":{"self":[{"href":"https:\/\/www.pomarkunhelluntaisrk.fi\/index.php\/wp-json\/wp\/v2\/pages\/1013"}],"collection":[{"href":"https:\/\/www.pomarkunhelluntaisrk.fi\/index.php\/wp-json\/wp\/v2\/pages"}],"about":[{"href":"https:\/\/www.pomarkunhelluntaisrk.fi\/index.php\/wp-json\/wp\/v2\/types\/page"}],"author":[{"embeddable":true,"href":"https:\/\/www.pomarkunhelluntaisrk.fi\/index.php\/wp-json\/wp\/v2\/users\/2"}],"replies":[{"embeddable":true,"href":"https:\/\/www.pomarkunhelluntaisrk.fi\/index.php\/wp-json\/wp\/v2\/comments?post=1013"}],"version-history":[{"count":62,"href":"https:\/\/www.pomarkunhelluntaisrk.fi\/index.php\/wp-json\/wp\/v2\/pages\/1013\/revisions"}],"predecessor-version":[{"id":4989,"href":"https:\/\/www.pomarkunhelluntaisrk.fi\/index.php\/wp-json\/wp\/v2\/pages\/1013\/revisions\/4989"}],"wp:attachment":[{"href":"https:\/\/www.pomarkunhelluntaisrk.fi\/index.php\/wp-json\/wp\/v2\/media?parent=1013"}],"curies":[{"name":"wp","href":"https:\/\/api.w.org\/{rel}","templated":true}]}}