{"id":106,"date":"2015-08-30T22:37:49","date_gmt":"2015-08-30T19:37:49","guid":{"rendered":"http:\/\/peltos.no-ip.info\/phelsrk\/\/?page_id=106"},"modified":"2018-12-30T08:12:55","modified_gmt":"2018-12-30T06:12:55","slug":"seurakunnan-historiaa","status":"publish","type":"page","link":"https:\/\/www.pomarkunhelluntaisrk.fi\/index.php\/seurakuntamme\/seurakunnan-historiaa\/","title":{"rendered":"Seurakuntamme historiaa"},"content":{"rendered":"<h3>Toiminnan alku<\/h3>\n<p>Helluntaiher\u00e4tys tuli Pomarkkuun vuonna 1932, jolloin pidettiin ensimm\u00e4iset kokoukset Pomarkun kunnan kokoushuoneistossa 1.-2.11.1932. T\u00e4ll\u00f6in tuli uskoon Helly Huovinen os. Mikkola, my\u00f6hemmin Salo, joka liittyi Porin helluntaiseurakuntaan. H\u00e4n oli saanut ensivaikutteita jo t\u00e4t\u00e4 ennen Pomarkkuun tulleilta uskovilta Hanna V\u00e4\u00e4n\u00e4selt\u00e4 ja h\u00e4nen tytt\u00e4relt\u00e4\u00e4n Sylvilt\u00e4. V\u00e4\u00e4n\u00e4sten muutettua Veneskoskelle, h\u00e4n ja er\u00e4\u00e4t muut pomarkkulaiset olivat menneet kyl\u00e4ilem\u00e4\u00e4n heid\u00e4n luokseen Veneskoskelle ja olivat samalla siell\u00e4 pidetyill\u00e4 kes\u00e4juhlilla vuonna 1931, jossa saivat kuulla Jumalan sanaa. Hellyn koti Mikkola Pomarkussa muodostui puhujien majapaikaksi, josta k\u00e4sin tehtiin evankeliumin ty\u00f6t\u00e4 paikkakunnalla. My\u00f6hemmin toiminnan keskukseksi muodostui Pomarkussa Heikkil\u00e4n talo Kiilholmassa, Helmi Heikkil\u00e4n tultua uskoon. Puhujina Pomarkussa olivat Kalle Rantanen ja Yrj\u00f6 Laine Porista.<\/p>\n<h3>\u00a0<\/h3>\n<h3>Hengellist\u00e4 her\u00e4tyst\u00e4 Pomarkussa<\/h3>\n<p>Kev\u00e4\u00e4ll\u00e4 1933 alkoi her\u00e4tys Pomarkussa, jolloin monia pomarkkulaisia tuli uskoon. Kalle Rantasen ja Arvo Peltomaan lis\u00e4ksi puhujina Pomarkussa olivat mm. Hanna L\u00f6nnroth, Heikki Taipale, Vieno Laine ja Hugo Koivunen. Vuonna 1933 hein\u00e4kuussa kastettiin Kankaanp\u00e4\u00e4n Veneskoskella ensimm\u00e4iset pomarkkulaiset uskoon tulleet Reino Vehkala, Helly Mikkola ja Helmi Heikkil\u00e4. Her\u00e4tys jatkui ja ihmisi\u00e4 tuli uskoon Kiilholmassa, Uusikyl\u00e4ss\u00e4 ja muuallakin Pomarkussa. Kalle Rantanen muutti perheineen asumaan Pomarkkuun, jossa h\u00e4n asui vuosina 1934-1938. Seurakunnan toiminnassa vaikutti my\u00f6s Frans Kalliom\u00e4ki, h\u00e4n kuului seurakuntaan 13.10.1934 alkaen 9.5.1938 saakka, muutti my\u00f6hemmin evankeliumin ty\u00f6h\u00f6n USA:han.<\/p>\n<h3>\u00a0<\/h3>\n<h3>Ensimm\u00e4inen kastetilaisuus<\/h3>\n<p>Pomarkun Nuorisoseuran talossa pidettiin kes\u00e4juhlat 30.6.-1.7.1934, jolloin oli ensimm\u00e4inen kastetilaisuus Pomarkussa, jossa kastettiin 24 uskoon tullutta. Kastajana toimi Verner Tuominen. Kastetilaisuutta oli seuraamassa rannalla noin 200 ihmist\u00e4. T\u00e4ll\u00f6in kastettiin mm. seurakunnan vanhimmistoon my\u00f6hemmin kuuluneet Eino Anttila ja Frans Kallio sek\u00e4 Jalmari V\u00e4h\u00e4savo, jotka olivat tulleet uskoon jo aikaisemmin Vapaakirkon kautta samoin kuin heid\u00e4n vaimonsa.<\/p>\n<h3>\u00a0<\/h3>\n<h3>Seurakunnan perustaminen<\/h3>\n<p>Seurakunta perustettiin 14.10.1934, jolloin oli raamattup\u00e4iv\u00e4t Heikkil\u00e4n talossa Kiilholmassa. Seurakuntaan liittyi 22 j\u00e4sent\u00e4. Sotavuosien j\u00e4lkeen oli j\u00e4lleen her\u00e4tyst\u00e4 ja seurakunnan j\u00e4senm\u00e4\u00e4r\u00e4 kaksinkertaistui Veikko J\u00e4\u00e4skel\u00e4isen toiminnan johdosta. Esa Wirtanen tuli uskoon 1949 ja liittyi seurakuntaan 14.1.1951 ja on toiminut sen j\u00e4lkeen seurakunnan ty\u00f6ss\u00e4 ja my\u00f6s vanhimmistossa. H\u00e4n piti kokouksia mm. Veijo Pihlajaniemen kanssa, joka toimi opettajana Pomarkussa 1956. Seurakunnan toiminnassa vaikutti my\u00f6s Vilho M\u00e4kel\u00e4, joka oli seurakunnan j\u00e4senen\u00e4 8.1.1956 \u2013 12.1.1958 v\u00e4lisen ajan.<\/p>\n<h3>\u00a0<\/h3>\n<h3>L\u00e4hetysty\u00f6n historiaa Pomarkussa<\/h3>\n<p>L\u00e4hetysty\u00f6h\u00f6n ovat menneet seurakunnasta: Armas ja Orvokki Tuomikoski l\u00e4hetyslaiva Ebenesserille Ceulonille ja sen j\u00e4lkeen Australiaan 1969. Hely Viljanen Uruguayhin v. 1960. Kaija Wirtanen 1966 Uruguayhin ja sielt\u00e4 Espanjaan 1972. Esa ja Marjatta Wirtanen Uruguayhin v. 1961 ja sen j\u00e4lkeen Espanjaan 1971. Miika Wirtanen on ollut l\u00e4hetysty\u00f6ss\u00e4 vuodesta 1983 alkaen Espanjassa sek\u00e4 my\u00f6hemmin Antti Rossi Ranskassa. Vuonna 1962 seurakunta palkkasi ensimm\u00e4iseksi ty\u00f6ntekij\u00e4ksi Aarne Kiviharjun, joka oli seurakunnan ty\u00f6ntekij\u00e4n\u00e4 31.10.1962 \u2013 28.2.1966, jonka aikana her\u00e4tys jatkui edelleen. Muuttoliike paikkakunnalta suurempiin asutuskeskuksiin rajoitti suuresti seurakunnan kasvua. Vuonna 1967 seurakunta osti Pomarkun ty\u00f6v\u00e4enyhdistyksen talon seurakunnan rukoushuoneeksi, joka kunnostettiin seurakunnan k\u00e4ytt\u00f6\u00f6n sopivaksi Yrj\u00f6 Anttilan johdolla.<\/p>\n<h3>\u00a0<\/h3>\n<h3>Luomaj\u00e4rven\/Honkakosken helluntaiseurakunnan historiaa<\/h3>\n<p>Luomaj\u00e4rven\/Honkakosken helluntaiseurakunnan historia liittyy Pomarkun helluntaiseurakunnan historiaan n\u00e4iden seurakuntien yhteen liittymisen johdosta. Kankaanp\u00e4\u00e4n Luomaj\u00e4rven ja Venesj\u00e4rven ja Siikaisten Petkeleen kylien raja-alueella olivat tulleet uskoon ensin Yrj\u00f6 ja Aina M\u00e4kel\u00e4 Siikaisten Saarikoskella pidetyiss\u00e4 kokouksissa, joissa puhujana oli Frans Kalliom\u00e4ki. H\u00e4n piti kokouksia sodan j\u00e4lkeen my\u00f6s Yrj\u00f6 M\u00e4kel\u00e4ss\u00e4. Yrj\u00f6 ja Aina M\u00e4kel\u00e4 liittyiv\u00e4t Pomarkun helluntaiseurakuntaan vuonna 1938. Vapaakirkon kautta oli jo heit\u00e4 aikaisemmin tulleet uskoon paikkakunnalla vuonna 1917 Jalmari Pakkala ja Elle V\u00e4lim\u00e4ki 1939 sek\u00e4 h\u00e4nen sisarensa Kaisa, os. Hakala, joka toimi my\u00f6s evankelistana Vapaakirkon piiriss\u00e4.<\/p>\n<h3>\u00a0<\/h3>\n<h3>Her\u00e4tyst\u00e4 Luomaj\u00e4rvell\u00e4<\/h3>\n<p>Varsinainen her\u00e4tys paikkakunnalla syntyi vasta sota-ajan j\u00e4lkeen, kun paikkakunnalle tulivat evankelistat Hugo Koivunen ja Veikko J\u00e4\u00e4skel\u00e4inen, jolloin uskoon tuli ensimm\u00e4iseksi Maija Riihikallio ja sen j\u00e4lkeen monia muita paikkakuntalaisia. Her\u00e4tys jatkui paikkakunnalla ja Siikaisten Saarikoskella pidetyill\u00e4 kastejuhlilla 4.7.1948 kastettiin kahdeksan uskoon tullutta. Seuraava kastetilaisuus pidettiin Venesj\u00e4rven kyl\u00e4ss\u00e4 Karilahden talossa 8.8.1948, jolloin \u00c4ss\u00e4l\u00e4nj\u00e4rvess\u00e4 kastettiin seitsem\u00e4n uskoon tullutta.<\/p>\n<h3>\u00a0<\/h3>\n<h3>Luomaj\u00e4rven seurakunnan perustaminen<\/h3>\n<p>Luomaj\u00e4rven Saalem- seurakunta perustettiin 22.8.1948. Seurakunnan perustamiskokous pidettiin Kankaanp\u00e4\u00e4n Luomaj\u00e4rven kyl\u00e4ss\u00e4 Yrj\u00f6 ja Aina M\u00e4kel\u00e4n Juhala- nimisell\u00e4 tilalla. Seurakuntaan liittyi t\u00e4ll\u00f6in 22 j\u00e4sent\u00e4. J\u00e4senist\u00e4 kolme kuului Luomaj\u00e4rven kyl\u00e4\u00e4n, Venesj\u00e4rven kyl\u00e4\u00e4n yhdeks\u00e4n ja Siikaisten kunnan Petkeleen kyl\u00e4\u00e4n samoin yhdeks\u00e4n j\u00e4sent\u00e4. Seurakunnan evankelistana toimi Heikki Heinil\u00e4 Laviasta 1.2.1949 saakka. Seurakunnan ensimm\u00e4isiksi vanhimmiston j\u00e4seniksi valittiin Yrj\u00f6 M\u00e4kel\u00e4 ja Jalmari Pakkala. Seurakuntaan liittyi sen j\u00e4lkeen lis\u00e4\u00e4 j\u00e4seni\u00e4 my\u00f6s Pomarkun Honkakosken kyl\u00e4st\u00e4. Seurakuntaan liittyi uskoon tulon perusteella j\u00e4seni\u00e4 my\u00f6s l\u00e4hiymp\u00e4rist\u00f6st\u00e4 Siikaisten Sammin ja Kankaanp\u00e4\u00e4n Veneskosken sek\u00e4 Pomarkun Tuunaj\u00e4rven kyl\u00e4st\u00e4 sek\u00e4 aikaisemmin uskoon tulleita Pomarkun helluntaiseurakunnasta ja Vapaakirkon piirist\u00e4.<\/p>\n<h3>\u00a0<\/h3>\n<h3>Veikko J\u00e4\u00e4skel\u00e4inen siunattiin seurakunnan evankelistaksi<\/h3>\n<p>Veikko J\u00e4\u00e4skel\u00e4inen, jonka toiminnan kautta olivat monet tulleet uskoon, siunattiin seurakunnan evankelistaksi 5.2.1950. Her\u00e4tys alkoi 1950 luvulla v\u00e4hitellen hiipua, Joensuun tilalla pidettiin kes\u00e4juhlat 15.7.1951, jolloin kastettiin Luomaj\u00e4rvess\u00e4 viel\u00e4 kaksi uskoon tullutta. Taisto Vahtera uskoon tultuaan liittyi seurakuntaan 12.12.1948. H\u00e4n toimi my\u00f6hemmin seurakunnassa evankeliumin ty\u00f6ss\u00e4 vuoteen 1960. Kalervo Pakkala liittyi uskoon tulonsa j\u00e4lkeen seurakuntaan 27.6.1948 ja alkoi toimia pian t\u00e4m\u00e4n j\u00e4lkeen seurakunnassa evankelistana. Evankeliumin ty\u00f6h\u00f6n ovat Honkakosken seurakunnan alueelta l\u00e4hteneet my\u00f6hemmin lis\u00e4ksi Ilona Myllym\u00e4ki (Auvinen), liittynyt seurakuntaan 31.8.1952. Seurakunnan nimi muutettiin Honkakosken seurakunnaksi vuosikokouksessa 10.2.1957, kun suurin osa j\u00e4senist\u00f6st\u00e4 alkoi olla Honkakosken kyl\u00e4st\u00e4. Her\u00e4tys jatkui edelleen ja ihmisi\u00e4 tuli uskoon niin, ett\u00e4 seurakunnan perustamisesta alkaen siihen oli siunattu yhteens\u00e4 82 henkil\u00f6\u00e4. J\u00e4seni\u00e4 seurakunnassa oli Pomarkkuun liitytt\u00e4ess\u00e4 43.<\/p>\n<h3>\u00a0<\/h3>\n<h3>Pomarkun ja Honkakosken seurakunnat yhdistyiv\u00e4t<\/h3>\n<p>Pomarkun ja Honkakosken helluntaiseurakunnat yhdistyiv\u00e4t 28.3.1971. Pomarkun ja Honkakosken seurakuntien yhdist\u00e4misen j\u00e4lkeen evankeliumin ty\u00f6ss\u00e4 ovat toimineet evankelistoina Veijo Kanervisto, Leo Koukku, Aatos ja Irma Anttila, Matti Juntunen ja Tuomo L\u00e4hteenm\u00e4ki.<\/p>\n<p>Seurakunnan toiminnasta vastaavina ty\u00f6ntekij\u00f6in\u00e4 ovat toimineet seurakuntien yhdist\u00e4misen j\u00e4lkeen seuraavat henkil\u00f6t:<\/p>\n<p>\u2013 Kalervo Pakkala 12.9.1971 vuoteen 1973.<br \/>\n\u2013 Aarne Kiviharju uudelleen kev\u00e4\u00e4ll\u00e4 1974 \u2013 30.5.1975 saakka.<br \/>\n\u2013 Kalervo Pakkala uudelleen 26.2.1982 \u2013 31.7.1987 saakka, jolloin j\u00e4i el\u00e4kkeelle.<br \/>\n\u2013 Kauko Suoper\u00e4 1.10.1990 \u2013 31.07.1991.<br \/>\n\u2013 Pekka Kein\u00e4nen 1.09.1991 -30.11.1997.<br \/>\n\u2013 Raimo Saarim\u00e4ki 1.12.1997 \u2013 30.07.2002.<br \/>\n\u2013 Paula Saarim\u00e4ki 1.12.1997 \u2013 30.07.2002 seurakunnan lapsi- ja nuorisoty\u00f6ntekij\u00e4n\u00e4.<br \/>\n\u2013 Leo Koukku 1.08.2002 \u2013 30.11.2005.<br \/>\n\u2013 Veijo Heinonen 1.12.2005- 30.8.2009.<br \/>\n\u2013 Seurakunnan toimintaa on 1.9.2009\u00a0 alkaen jatkettu vahimmiston johdolla tiimity\u00f6n\u00e4 vastuuviikkoj\u00e4rjestelm\u00e4n avulla.<\/p>\n<h3>\u00a0<\/h3>\n<h3>Seurakunnan j\u00e4senluku<\/h3>\n<p>Seurakunnan j\u00e4senluku on vaihdellut 90-100 v\u00e4lill\u00e4, lyhyen aikaa j\u00e4senluku oli v\u00e4h\u00e4n yli 100. Seurakunnan j\u00e4senm\u00e4\u00e4r\u00e4n kasvua on rajoittanut voimakas muuttoliike paikkakunnalta suurempiin asutuskeskuksiin. Seurakunnan j\u00e4senm\u00e4\u00e4r\u00e4 on muuttoliikkeest\u00e4 huolimatta pysytellyt kuitenkin suunnilleen entisen suuruisena, kun saman aikaisesti kunnan v\u00e4kiluku on t\u00e4n\u00e4 aikana v\u00e4hentynyt huomattavasti, v.1971 kunnan v\u00e4kiluku oli 3.237. Vuonna 1999 kunnassa oli asukkaita en\u00e4\u00e4 vain 2.644 henkil\u00f6\u00e4.<\/p>\n<h3>\u00a0<\/h3>\n<h3>Kokoushuoneiston peruskorjausty\u00f6t<\/h3>\n<p>Vuonna 1982 aloitettiin rukoushuoneen peruskorjausty\u00f6t, jotka tehtiin v\u00e4hitellen eri vaiheissa ja saatiin suoritettua loppuun vuonna 1998. Peruskorjauksessa suoritettiin seuraavat ty\u00f6vaiheet: Rakennusten perustuksen salaojitus, s\u00e4hk\u00f6asennukset, ikkunat ja ovet uusittiin, parannettiin l\u00e4mm\u00f6neristyst\u00e4, liityttiin kunnalliseen vesi- ja viem\u00e4riverkostoon, rakennettiin wc-tilat ja keitti\u00f6tilat, asennettiin y\u00f6s\u00e4hk\u00f6ll\u00e4 toimiva varaava s\u00e4hk\u00f6l\u00e4mmitys ja koneellinen ilmastointi, rakennettiin uusi vesikatto, kuisti sek\u00e4 erikseen veranta rakennuksen p\u00e4\u00e4tyyn, kerhotilat talon alakertaan, toimistohuone kokoussalin etuosan taakse, my\u00f6s pihamaa ja talon ymp\u00e4rist\u00f6 kunnostettiin. Peruskorjaus suoritettiin Leo Koukun rakennuspiirustuksien ja suunnitelmien pohjalta ja h\u00e4n vastasi my\u00f6s t\u00f6iden suorittamisesta ja valvonnasta.<\/p>\n<p><em>Historiaa koonnut Leo Koukku<\/em><\/p>\n","protected":false},"excerpt":{"rendered":"<p>Toiminnan alku Helluntaiher\u00e4tys tuli Pomarkkuun vuonna 1932, jolloin pidettiin ensimm\u00e4iset kokoukset Pomarkun kunnan kokoushuoneistossa 1.-2.11.1932. T\u00e4ll\u00f6in tuli uskoon Helly Huovinen os. Mikkola, my\u00f6hemmin Salo, joka liittyi Porin helluntaiseurakuntaan. H\u00e4n oli saanut ensivaikutteita jo t\u00e4t\u00e4 ennen Pomarkkuun tulleilta uskovilta Hanna V\u00e4\u00e4n\u00e4selt\u00e4 ja h\u00e4nen tytt\u00e4relt\u00e4\u00e4n Sylvilt\u00e4. V\u00e4\u00e4n\u00e4sten muutettua Veneskoskelle, h\u00e4n ja er\u00e4\u00e4t muut pomarkkulaiset olivat menneet kyl\u00e4ilem\u00e4\u00e4n [&hellip;]<\/p>\n","protected":false},"author":1,"featured_media":0,"parent":147,"menu_order":0,"comment_status":"closed","ping_status":"closed","template":"","meta":{"footnotes":""},"class_list":["post-106","page","type-page","status-publish","hentry"],"_links":{"self":[{"href":"https:\/\/www.pomarkunhelluntaisrk.fi\/index.php\/wp-json\/wp\/v2\/pages\/106"}],"collection":[{"href":"https:\/\/www.pomarkunhelluntaisrk.fi\/index.php\/wp-json\/wp\/v2\/pages"}],"about":[{"href":"https:\/\/www.pomarkunhelluntaisrk.fi\/index.php\/wp-json\/wp\/v2\/types\/page"}],"author":[{"embeddable":true,"href":"https:\/\/www.pomarkunhelluntaisrk.fi\/index.php\/wp-json\/wp\/v2\/users\/1"}],"replies":[{"embeddable":true,"href":"https:\/\/www.pomarkunhelluntaisrk.fi\/index.php\/wp-json\/wp\/v2\/comments?post=106"}],"version-history":[{"count":15,"href":"https:\/\/www.pomarkunhelluntaisrk.fi\/index.php\/wp-json\/wp\/v2\/pages\/106\/revisions"}],"predecessor-version":[{"id":1921,"href":"https:\/\/www.pomarkunhelluntaisrk.fi\/index.php\/wp-json\/wp\/v2\/pages\/106\/revisions\/1921"}],"up":[{"embeddable":true,"href":"https:\/\/www.pomarkunhelluntaisrk.fi\/index.php\/wp-json\/wp\/v2\/pages\/147"}],"wp:attachment":[{"href":"https:\/\/www.pomarkunhelluntaisrk.fi\/index.php\/wp-json\/wp\/v2\/media?parent=106"}],"curies":[{"name":"wp","href":"https:\/\/api.w.org\/{rel}","templated":true}]}}