{"id":182,"date":"2015-09-05T08:27:24","date_gmt":"2015-09-05T05:27:24","guid":{"rendered":"http:\/\/peltos.no-ip.info\/phelsrk\/\/?page_id=182"},"modified":"2016-11-21T18:09:50","modified_gmt":"2016-11-21T16:09:50","slug":"uskoontulon-abc","status":"publish","type":"page","link":"https:\/\/www.pomarkunhelluntaisrk.fi\/index.php\/uskoontulon-abc\/","title":{"rendered":"Uskon ABC"},"content":{"rendered":"<p>Jos et viel\u00e4 ole uskossa, tutustu uskon ensi askeleisiin t\u00e4\u00e4ll\u00e4 ja palaa sitten takaisin t\u00e4nne syvent\u00e4m\u00e4\u00e4n uskoasi.<\/p>\n<p>&nbsp;<\/p>\n<p><strong>Parannuksen tekeminen \u2013 pys\u00e4hdy, ajattele uudelleen ja k\u00e4\u00e4nny<\/strong><\/p>\n<p> Olet mielest\u00e4si kuinka synnit\u00f6n tahansa, olet Jumalan edess\u00e4 syntinen, sill\u00e4 Jumala on Pyh\u00e4. Sinun tulee katua omia syntej\u00e4si, ei vain siksi, ett\u00e4 synti on harmillista ja aiheuttanut mielipahaa itsellesi ja muille, vaan siksi, ett\u00e4 synti on ennen kaikkea rikkomus Jumalaa vastaan. Usko, ett\u00e4 Jeesus Kristus, Jumalan Poika, kuoli sinun syntiesi t\u00e4hden. Jeesus ei kuollut ihmisjoukkojen t\u00e4hden, h\u00e4n kuoli sinun t\u00e4htesi. H\u00e4n antoi henkens\u00e4, sill\u00e4 H\u00e4n tiesi, ettet sin\u00e4 kykene hyvitt\u00e4m\u00e4\u00e4n pahoja tekojasi Jumalan edess\u00e4. Jeesus maksoi t\u00e4yden hinnan sinun vapaudestasi; h\u00e4n hyvitti sinun syntisi ja on halukas pyyhkim\u00e4\u00e4n ne pois.<\/p>\n<p>\n Jeesus on tehnyt kaiken valmiiksi, mit\u00e4 sinun pelastamiseksi tarvitaan. T\u00e4n\u00e4 p\u00e4iv\u00e4n\u00e4 h\u00e4n tarjoaa sovintoa sinun ja Jumalan v\u00e4lille vain siksi, ett\u00e4 h\u00e4n rakastaa sinua. Usko Jeesukseen henkil\u00f6kohtaisena pelastajanasi, ja saat uuden el\u00e4m\u00e4n h\u00e4nen yhteydess\u00e4\u00e4n. H\u00e4n antaa sinulle syntisi anteeksi ja ojentaa sinulle pelastuksen ja ikuisen el\u00e4m\u00e4n taivaassa. Sinun uskosi on kuin k\u00e4si, jonka ojennat vastaanottamaan lahjan. Ojenna k\u00e4tesi ja h\u00e4n antaa sinulle lahjan \u2013 iankaikkisen el\u00e4m\u00e4n h\u00e4nen yhteydess\u00e4\u00e4n.<\/p>\n<p>\n Jeesus uhrasi oman el\u00e4m\u00e4ns\u00e4 peitt\u00e4\u00e4kseen syntisi. Saat ne anteeksi uskomalla h\u00e4neen ja tekem\u00e4ll\u00e4 parannuksen niist\u00e4. Et voi en\u00e4\u00e4 jatkaa samojen syntien tekemist\u00e4. Sinun on vain j\u00e4tett\u00e4v\u00e4 ne ja selvitett\u00e4v\u00e4 asiat. Pyh\u00e4 Henki antaa sinulle voimaa t\u00e4h\u00e4n oman el\u00e4m\u00e4n siistimisty\u00f6h\u00e4n. Tunnusta parannuksen teon kohteet rukouksessa ja pyyd\u00e4 Jeesusta auttamaan saamaan el\u00e4m\u00e4si kuntoon. H\u00e4n varmasti vastaa rukoukseesi.<\/p>\n<p>&nbsp;<\/p>\n<p><strong>Viisi pelastuksen askelta<br \/>\n <\/strong><br \/>\n Pelastus on viiden askeleen mittainen matka; sinun tulee vain ottaa askeleet. Alla on lueteltu kukin n\u00e4ist\u00e4 askelista. Kuhunkin askeleeseen on liitetty Raamatun jae. N\u00e4m\u00e4 jakeet ovat Jumalan puhetta sinulle. Lue ne ajatuksella Raamatusta. Kulje t\u00e4m\u00e4 viiden askeleen matka kuunnellen, mit\u00e4 syd\u00e4mesi puhuu sinulle;<\/p>\n<p>\n 1. Olet syntinen. <a href=\"http:\/\/www.funet.fi\/pub\/doc\/bible\/html\/finnish\/1992\/Room.3.html\">Kirje Roomalaisille 3:23<\/a><br \/>\n 2. Jumala teki jo jotain. <a href=\"http:\/\/www.funet.fi\/pub\/doc\/bible\/html\/finnish\/1992\/Joh.3.html\">Johanneksen evankeliumi 3:16<\/a><br \/>\n 3. Vastaanota Kristus. <a href=\"http:\/\/www.funet.fi\/pub\/doc\/bible\/html\/finnish\/1992\/Joh.1.html\">Johanneksen evankeliumi 1:12<\/a><br \/>\n 4. Tunnusta syntisyytesi ja kadu sit\u00e4. <a href=\"http:\/\/www.funet.fi\/pub\/doc\/bible\/html\/finnish\/1992\/1Joh.1.html\">1. Johanneksen kirje 1:9<\/a><br \/>\n 5. Tunnusta ja usko, ett\u00e4 Jeesus on pelastaja ja Herra. <a href=\"http:\/\/www.funet.fi\/pub\/doc\/bible\/html\/finnish\/1992\/Room.10.html\">Kirje Roomalaisille 10:9,10<\/a><\/p>\n<p>&nbsp;<\/p>\n<p><b>Raamattua voit lukea my\u00f6s netin kautta:<\/b><\/p>\n<ul>\n<li><a href=\"http:\/\/www.nic.funet.fi\/pub\/doc\/bible\/html\/finnish\/1933,38\/\">Vuoden 1933\/1938 kirkolliskokouksen k\u00e4ytt\u00f6\u00f6n ottama suomennos<\/a><\/li>\n<li><a href=\"http:\/\/www.nic.funet.fi\/pub\/doc\/bible\/html\/finnish\/1992\/\">Suomen evankelis-luterilaisen kirkon kirkolliskokouksen vuonna 1992 k\u00e4ytt\u00f6\u00f6n ottama\u00a0 suomennos<\/a><\/li>\n<li><a href=\"http:\/\/www.raamattukansalle.fi\/\">Raamattu Kansalle k\u00e4\u00e4nn\u00f6s<\/a><\/li>\n<\/ul>\n<p>&nbsp;<\/p>\n<p><strong>Rukous<\/strong><\/p>\n<p> Voit puhua Jumalalle tai Jeesukselle rukoilemalla h\u00e4nt\u00e4. Rukous on aivan tavallista puhetta, mutta t\u00e4ll\u00e4 kertaa puhettasi kuuntelee kaikkitiet\u00e4v\u00e4 Jumala. Jumala tahtoo kuulla sinua, aivan kuin hyv\u00e4 is\u00e4 tahtoo kuulla lapsensa \u00e4\u00e4nen. Taivaallinen Is\u00e4 kuulee sinua poikansa Jeesuksen kautta. Jeesus rakastaa sinua paljon enemm\u00e4n kuin voit edes kuvitella!<\/p>\n<p>&nbsp;<\/p>\n<p><strong>Rukoile Taivaan Is\u00e4\u00e4<br \/>\n <\/strong><br \/>\n Rukoile omin sanoin Jeesusta. Kerro H\u00e4nelle, ett\u00e4 tahdot seurata H\u00e4nt\u00e4. Pyyd\u00e4 syntej\u00e4si anteeksi, ja pyyd\u00e4, ett\u00e4 H\u00e4n antaisi sinulle uuden el\u00e4m\u00e4n ja Pyh\u00e4n Hengen syd\u00e4meesi ohjaamaan sinua eteenp\u00e4in uudessa el\u00e4m\u00e4ss\u00e4si. Voit esimerkiksi rukoilla vaikkapa n\u00e4in: Rakas Jeesus, kiitos, kun kuolit puolestani. Kiitos, ett\u00e4 olet tarkoitanut pelastuksen juuri minulle. Otan sinut, Jeesus, vastaan ikiomana pelastajanani juuri nyt. Puhdista minut synnist\u00e4, anna anteeksi pahat tekoni. Paranna haavat, jotka synti on minuun viilt\u00e4nyt. Anna minulle uusi alku, ja pid\u00e4 minusta kiinni silloinkin, kun minun on vaikea pysy\u00e4 Sinussa. Opeta minut tuntemaan Sinut ja noudattamaan sinun tahtoasi. Tule Pyh\u00e4 Henki el\u00e4m\u00e4\u00e4ni, anna rauha sisimp\u00e4\u00e4ni. Is\u00e4n, Pojan ja Pyh\u00e4n Hengen nimeen. Aamen.<\/p>\n<p>&nbsp;<\/p>\n<p><strong>Iloitse uudesta el\u00e4m\u00e4st\u00e4si!<\/strong><\/p>\n<p> Iloitse pelastuksesta, joka on tullut osaksesi t\u00e4n\u00e4\u00e4n. Voit olla varma, ett\u00e4 Jeesuksen Kristuksen armo ja rakkaus riitt\u00e4v\u00e4t sinulle, kunhan pysyt h\u00e4ness\u00e4 ja annat h\u00e4nen johdattaa el\u00e4m\u00e4\u00e4si. H\u00e4n ei hylk\u00e4\u00e4 sinua. Pelastus ei riipu siit\u00e4, milt\u00e4 sinusta tuntuu tai n\u00e4ytt\u00e4\u00e4. Pelastus on Jumalan rakkauden osoitus sinua kohtaan; se on alusta alkaen puhdas Jumalan teko. Sin\u00e4 saat nauttia tuon Jumalan teon hedelmist\u00e4 el\u00e4m\u00e4ss\u00e4si. Jumala on asettanut sinut pelastetun asemaan, eik\u00e4 kukaan tai mik\u00e4\u00e4n voi sit\u00e4 osaa sinulta riist\u00e4\u00e4. \u201dOlen varma siit\u00e4, ettei kuolema eik\u00e4 el\u00e4m\u00e4, eiv\u00e4t enkelit, eiv\u00e4t henkivallat, ei mik\u00e4\u00e4n nykyinen eik\u00e4 mik\u00e4\u00e4n tuleva eiv\u00e4tk\u00e4 mitk\u00e4\u00e4n voimat, ei korkeus eik\u00e4 syvyys, ei mik\u00e4\u00e4n luotu voi erottaa meit\u00e4 Jumalan rakkaudesta, joka on tullut ilmi Kristuksessa Jeesuksessa, meid\u00e4n Herrassamme.\u201d<\/p>\n<p> Tule kanssamme seurakunnan tilaisuuksiin!<\/p>\n<p>&nbsp;<\/p>\n","protected":false},"excerpt":{"rendered":"<p>Jos et viel\u00e4 ole uskossa, tutustu uskon ensi askeleisiin t\u00e4\u00e4ll\u00e4 ja palaa sitten takaisin t\u00e4nne syvent\u00e4m\u00e4\u00e4n uskoasi. &nbsp; Parannuksen tekeminen \u2013 pys\u00e4hdy, ajattele uudelleen ja k\u00e4\u00e4nny Olet mielest\u00e4si kuinka synnit\u00f6n tahansa, olet Jumalan edess\u00e4 syntinen, sill\u00e4 Jumala on Pyh\u00e4. Sinun tulee katua omia syntej\u00e4si, ei vain siksi, ett\u00e4 synti on harmillista ja aiheuttanut mielipahaa itsellesi [&hellip;]<\/p>\n","protected":false},"author":1,"featured_media":127,"parent":0,"menu_order":0,"comment_status":"closed","ping_status":"closed","template":"","meta":{"footnotes":""},"class_list":["post-182","page","type-page","status-publish","has-post-thumbnail","hentry"],"_links":{"self":[{"href":"https:\/\/www.pomarkunhelluntaisrk.fi\/index.php\/wp-json\/wp\/v2\/pages\/182"}],"collection":[{"href":"https:\/\/www.pomarkunhelluntaisrk.fi\/index.php\/wp-json\/wp\/v2\/pages"}],"about":[{"href":"https:\/\/www.pomarkunhelluntaisrk.fi\/index.php\/wp-json\/wp\/v2\/types\/page"}],"author":[{"embeddable":true,"href":"https:\/\/www.pomarkunhelluntaisrk.fi\/index.php\/wp-json\/wp\/v2\/users\/1"}],"replies":[{"embeddable":true,"href":"https:\/\/www.pomarkunhelluntaisrk.fi\/index.php\/wp-json\/wp\/v2\/comments?post=182"}],"version-history":[{"count":10,"href":"https:\/\/www.pomarkunhelluntaisrk.fi\/index.php\/wp-json\/wp\/v2\/pages\/182\/revisions"}],"predecessor-version":[{"id":1041,"href":"https:\/\/www.pomarkunhelluntaisrk.fi\/index.php\/wp-json\/wp\/v2\/pages\/182\/revisions\/1041"}],"wp:featuredmedia":[{"embeddable":true,"href":"https:\/\/www.pomarkunhelluntaisrk.fi\/index.php\/wp-json\/wp\/v2\/media\/127"}],"wp:attachment":[{"href":"https:\/\/www.pomarkunhelluntaisrk.fi\/index.php\/wp-json\/wp\/v2\/media?parent=182"}],"curies":[{"name":"wp","href":"https:\/\/api.w.org\/{rel}","templated":true}]}}