{"id":189,"date":"2015-09-05T08:53:45","date_gmt":"2015-09-05T05:53:45","guid":{"rendered":"http:\/\/peltos.no-ip.info\/phelsrk\/\/?page_id=189"},"modified":"2024-03-24T12:16:11","modified_gmt":"2024-03-24T10:16:11","slug":"toiminnasta","status":"publish","type":"page","link":"https:\/\/www.pomarkunhelluntaisrk.fi\/index.php\/seurakuntamme\/toiminnasta\/","title":{"rendered":"Seurakuntamme toimintaa"},"content":{"rendered":"<div class=\"entry-content\">\n<p>Pomarkun Helluntaiseurakunnan toiminta perustuu Jeesuksen antamaan l\u00e4hetysk\u00e4skyyn:<\/p>\n<p>H\u00e4n sanoi heille:<span class=\"Apple-converted-space\">\u00a0<\/span><em>\u201dMenk\u00e4\u00e4 kaikkialle maailmaan ja julistakaa evankeliumi kaikille luoduille. Joka uskoo ja saa kasteen, pelastuu, mutta joka ei usko, se tuomitaan kadotukseen. N\u00e4m\u00e4 merkit seuraavat niit\u00e4, jotka uskovat: Minun nimess\u00e4ni he ajavat pois riivaajia, puhuvat uusilla kielill\u00e4, nostavat k\u00e4sin k\u00e4\u00e4rmeit\u00e4. Jos he juovat jotakin kuolettavaa, se ei vahingoita heit\u00e4. He panevat k\u00e4tens\u00e4 sairaiden p\u00e4\u00e4lle, ja n\u00e4m\u00e4 tulevat terveiksi.\u201d<\/em>\u00a0(Mark. 16:15-18). (Raamattu Kansalle ry k\u00e4\u00e4nn\u00f6s)<\/p>\n<h3><strong><br \/>\n<\/strong>Tilaisuudet seurakunnassa<\/h3>\n<ul>\n<li>P\u00e4iv\u00e4tilaisuus sunnuntaisin klo 11<\/li>\n<li>Ruokakassien jako kaikille ruoka-apua tarvitseville maanantaisin klo 13:40<\/li>\n<li>Rukousillat maanantaisin klo 18 ja keskiviikkoisin tai\u00a0perjantaisin klo 18\u00a0tai\u00a019<\/li>\n<li>Seuraa ilmoitukset tulevat tapahtumat -sivulta<\/li>\n<\/ul>\n<p>&nbsp;<\/p>\n<p>Seurakunta j\u00e4rjest\u00e4\u00e4 erilaisia tilaisuuksia ja tapahtumia jotka ovat avoimia kaikille. Tilaisuuksissa julistetaan evankeliumin sanomaa Jumalan pelastavasta armosta. Hengellisill\u00e4 lauluilla ja musiikilla on tilaisuuksissa varsin huomattava osuus. Sunnuntain p\u00e4iv\u00e4tilaisuuksissa Raamatun opetus muodostaa keskeisen osan. Joka kuukauden ensimm\u00e4isen\u00e4 sunnuntaina ehtoollisjuha jonka aikaan lapsille pyrit\u00e4\u00e4n pit\u00e4m\u00e4\u00e4n pyh\u00e4koulua.<\/p>\n<p>&nbsp;<\/p>\n<h3>Lapsity\u00f6<\/h3>\n<p>Joka kuukauden ensimm\u00e4inen ja kolmas sunnuntai pidet\u00e4\u00e4n \u00a0pyh\u00e4koulua p\u00e4iv\u00e4tilaisuuden aikana. <br \/>\nSyksy- ja kev\u00e4tkaudella j\u00e4rjestet\u00e4\u00e4n\u00a0Pomarkku-MIX lastentapahtumia 6-12 vuotiaille. Kes\u00e4isin j\u00e4rjestet\u00e4\u00e4n my\u00f6s lastenleiri, joissa opetetaan hengellisi\u00e4 asioita, lis\u00e4ksi ohjelmaan sis\u00e4ltyy erilaisia pelej\u00e4 ja leikkej\u00e4.<\/p>\n<p>&nbsp;<\/p>\n<h3>Avustustoiminta<\/h3>\n<p>Seurakunta yll\u00e4pit\u00e4\u00e4 elintarvikkeiden jakamistoimintaa, jakaen ruoka-apua sit\u00e4 tarvitseville viikoittain. Jaettavat elintarvikkeet ker\u00e4t\u00e4\u00e4n kauppaliikkeist\u00e4 kauppojen kanssa tehdyn sopimuksen mukaisesti. Tilaisuudessa on my\u00f6s lyhyt hengellinen osuus.<\/p>\n<p>&nbsp;<\/p>\n<h3>Seurakunnan kouluty\u00f6 ja nuorisoty\u00f6<\/h3>\n<p>Seurakuntamme tekee my\u00f6s koulu- ja nuorisoty\u00f6t\u00e4 Pomarkun alueella.<\/p>\n<\/div>\n","protected":false},"excerpt":{"rendered":"<p>Pomarkun Helluntaiseurakunnan toiminta perustuu Jeesuksen antamaan l\u00e4hetysk\u00e4skyyn: H\u00e4n sanoi heille:\u00a0\u201dMenk\u00e4\u00e4 kaikkialle maailmaan ja julistakaa evankeliumi kaikille luoduille. Joka uskoo ja saa kasteen, pelastuu, mutta joka ei usko, se tuomitaan kadotukseen. N\u00e4m\u00e4 merkit seuraavat niit\u00e4, jotka uskovat: Minun nimess\u00e4ni he ajavat pois riivaajia, puhuvat uusilla kielill\u00e4, nostavat k\u00e4sin k\u00e4\u00e4rmeit\u00e4. Jos he juovat jotakin kuolettavaa, se ei [&hellip;]<\/p>\n","protected":false},"author":1,"featured_media":0,"parent":147,"menu_order":0,"comment_status":"closed","ping_status":"closed","template":"","meta":{"footnotes":""},"class_list":["post-189","page","type-page","status-publish","hentry"],"_links":{"self":[{"href":"https:\/\/www.pomarkunhelluntaisrk.fi\/index.php\/wp-json\/wp\/v2\/pages\/189"}],"collection":[{"href":"https:\/\/www.pomarkunhelluntaisrk.fi\/index.php\/wp-json\/wp\/v2\/pages"}],"about":[{"href":"https:\/\/www.pomarkunhelluntaisrk.fi\/index.php\/wp-json\/wp\/v2\/types\/page"}],"author":[{"embeddable":true,"href":"https:\/\/www.pomarkunhelluntaisrk.fi\/index.php\/wp-json\/wp\/v2\/users\/1"}],"replies":[{"embeddable":true,"href":"https:\/\/www.pomarkunhelluntaisrk.fi\/index.php\/wp-json\/wp\/v2\/comments?post=189"}],"version-history":[{"count":20,"href":"https:\/\/www.pomarkunhelluntaisrk.fi\/index.php\/wp-json\/wp\/v2\/pages\/189\/revisions"}],"predecessor-version":[{"id":4392,"href":"https:\/\/www.pomarkunhelluntaisrk.fi\/index.php\/wp-json\/wp\/v2\/pages\/189\/revisions\/4392"}],"up":[{"embeddable":true,"href":"https:\/\/www.pomarkunhelluntaisrk.fi\/index.php\/wp-json\/wp\/v2\/pages\/147"}],"wp:attachment":[{"href":"https:\/\/www.pomarkunhelluntaisrk.fi\/index.php\/wp-json\/wp\/v2\/media?parent=189"}],"curies":[{"name":"wp","href":"https:\/\/api.w.org\/{rel}","templated":true}]}}