{"id":460,"date":"2016-03-08T22:24:40","date_gmt":"2016-03-08T20:24:40","guid":{"rendered":"http:\/\/peltos.no-ip.info\/phelsrk\/\/?page_id=460"},"modified":"2024-03-24T12:19:21","modified_gmt":"2024-03-24T10:19:21","slug":"naistenillat","status":"publish","type":"page","link":"https:\/\/www.pomarkunhelluntaisrk.fi\/index.php\/naistenillat\/","title":{"rendered":"Naistenillat"},"content":{"rendered":"\n\n\t<p>Seurakuntamme naiset kokoontuvat pienryhmiss\u00e4 eli soluissa m\u00e4\u00e4r\u00e4v\u00e4lein. Lis\u00e4ksi kokoonnumme noin kerran kuukaudessa yhteen naisellisella otteella rohkaisemaan, siunaamaan ja innostamaan toinen toisiamme sek\u00e4 jakamaan kokemuksiamme.\u00a0 Naistenilloissa on usein herkkuja notkuva nyytt\u00e4rip\u00f6yt\u00e4 illan aikana, joten n\u00e4lk\u00e4 ei p\u00e4\u00e4se yll\u00e4tt\u00e4m\u00e4\u00e4n!<\/p>\n<p>Sin\u00e4 Nainen olet tervetullut tilaisuuksiimme!:)<\/p>\n<p>&nbsp;<\/p>\n<p>&nbsp;<\/p>\n\n","protected":false},"excerpt":{"rendered":"<p>Seurakuntamme naiset kokoontuvat pienryhmiss\u00e4 eli soluissa m\u00e4\u00e4r\u00e4v\u00e4lein. Lis\u00e4ksi kokoonnumme noin kerran kuukaudessa yhteen naisellisella otteella rohkaisemaan, siunaamaan ja innostamaan toinen toisiamme sek\u00e4 jakamaan kokemuksiamme.\u00a0 Naistenilloissa on usein herkkuja notkuva nyytt\u00e4rip\u00f6yt\u00e4 illan aikana, joten n\u00e4lk\u00e4 ei p\u00e4\u00e4se yll\u00e4tt\u00e4m\u00e4\u00e4n! Sin\u00e4 Nainen olet tervetullut tilaisuuksiimme!:) &nbsp; &nbsp;<\/p>\n","protected":false},"author":2,"featured_media":0,"parent":0,"menu_order":0,"comment_status":"closed","ping_status":"closed","template":"","meta":{"footnotes":""},"class_list":["post-460","page","type-page","status-publish","hentry"],"_links":{"self":[{"href":"https:\/\/www.pomarkunhelluntaisrk.fi\/index.php\/wp-json\/wp\/v2\/pages\/460"}],"collection":[{"href":"https:\/\/www.pomarkunhelluntaisrk.fi\/index.php\/wp-json\/wp\/v2\/pages"}],"about":[{"href":"https:\/\/www.pomarkunhelluntaisrk.fi\/index.php\/wp-json\/wp\/v2\/types\/page"}],"author":[{"embeddable":true,"href":"https:\/\/www.pomarkunhelluntaisrk.fi\/index.php\/wp-json\/wp\/v2\/users\/2"}],"replies":[{"embeddable":true,"href":"https:\/\/www.pomarkunhelluntaisrk.fi\/index.php\/wp-json\/wp\/v2\/comments?post=460"}],"version-history":[{"count":84,"href":"https:\/\/www.pomarkunhelluntaisrk.fi\/index.php\/wp-json\/wp\/v2\/pages\/460\/revisions"}],"predecessor-version":[{"id":4394,"href":"https:\/\/www.pomarkunhelluntaisrk.fi\/index.php\/wp-json\/wp\/v2\/pages\/460\/revisions\/4394"}],"wp:attachment":[{"href":"https:\/\/www.pomarkunhelluntaisrk.fi\/index.php\/wp-json\/wp\/v2\/media?parent=460"}],"curies":[{"name":"wp","href":"https:\/\/api.w.org\/{rel}","templated":true}]}}