{"id":957,"date":"2016-11-17T19:27:52","date_gmt":"2016-11-17T17:27:52","guid":{"rendered":"http:\/\/peltos.no-ip.info\/phelsrk\/?page_id=957"},"modified":"2026-02-23T13:57:02","modified_gmt":"2026-02-23T11:57:02","slug":"ruokakassien-jako","status":"publish","type":"page","link":"https:\/\/www.pomarkunhelluntaisrk.fi\/index.php\/ruokakassien-jako\/","title":{"rendered":"Ruokakassien jako Pomarkussa"},"content":{"rendered":"<p>Seurakuntamme jakaa elintarvikkeita niit\u00e4 tarvitseville. Jaettavat elintarvikkeet saadaan p\u00e4\u00e4asiassa l\u00e4hialueen kauppaliikkeist\u00e4.<\/p>\n<p>Ruokakassien jakotilaisuus alkaa joka maanantai klo 13:00.\u00a0<\/p>\n<p>Ruokajakelusta vastaa Tapio Koivisto ja Merja Markkanen yhdess\u00e4 tiimins\u00e4 kanssa.\u00a0<\/p>\n","protected":false},"excerpt":{"rendered":"<p>Seurakuntamme jakaa elintarvikkeita niit\u00e4 tarvitseville. Jaettavat elintarvikkeet saadaan p\u00e4\u00e4asiassa l\u00e4hialueen kauppaliikkeist\u00e4. Ruokakassien jakotilaisuus alkaa joka maanantai klo 13:00.\u00a0 Ruokajakelusta vastaa Tapio Koivisto ja Merja Markkanen yhdess\u00e4 tiimins\u00e4 kanssa.\u00a0<\/p>\n","protected":false},"author":2,"featured_media":0,"parent":0,"menu_order":0,"comment_status":"closed","ping_status":"closed","template":"","meta":{"footnotes":""},"class_list":["post-957","page","type-page","status-publish","hentry"],"_links":{"self":[{"href":"https:\/\/www.pomarkunhelluntaisrk.fi\/index.php\/wp-json\/wp\/v2\/pages\/957"}],"collection":[{"href":"https:\/\/www.pomarkunhelluntaisrk.fi\/index.php\/wp-json\/wp\/v2\/pages"}],"about":[{"href":"https:\/\/www.pomarkunhelluntaisrk.fi\/index.php\/wp-json\/wp\/v2\/types\/page"}],"author":[{"embeddable":true,"href":"https:\/\/www.pomarkunhelluntaisrk.fi\/index.php\/wp-json\/wp\/v2\/users\/2"}],"replies":[{"embeddable":true,"href":"https:\/\/www.pomarkunhelluntaisrk.fi\/index.php\/wp-json\/wp\/v2\/comments?post=957"}],"version-history":[{"count":8,"href":"https:\/\/www.pomarkunhelluntaisrk.fi\/index.php\/wp-json\/wp\/v2\/pages\/957\/revisions"}],"predecessor-version":[{"id":4967,"href":"https:\/\/www.pomarkunhelluntaisrk.fi\/index.php\/wp-json\/wp\/v2\/pages\/957\/revisions\/4967"}],"wp:attachment":[{"href":"https:\/\/www.pomarkunhelluntaisrk.fi\/index.php\/wp-json\/wp\/v2\/media?parent=957"}],"curies":[{"name":"wp","href":"https:\/\/api.w.org\/{rel}","templated":true}]}}